{"id":51,"date":"2024-07-14T22:57:46","date_gmt":"2024-07-14T22:57:46","guid":{"rendered":"https:\/\/www.rhythmecality.com\/?page_id=51"},"modified":"2026-05-07T19:45:54","modified_gmt":"2026-05-07T19:45:54","slug":"ueber-mich","status":"publish","type":"page","link":"https:\/\/www.rhythmecality.com\/en\/ueber-mich\/","title":{"rendered":"Aboutme"},"content":{"rendered":"<div data-elementor-type=\"wp-page\" data-elementor-id=\"51\" class=\"elementor elementor-51\" data-elementor-post-type=\"page\">\n\t\t\t\t\t\t<section class=\"elementor-section elementor-top-section elementor-element elementor-element-6fb8a35 elementor-section-boxed elementor-section-height-default elementor-section-height-default\" data-id=\"6fb8a35\" data-element_type=\"section\" data-e-type=\"section\">\n\t\t\t\t\t\t<div class=\"elementor-container elementor-column-gap-default\">\n\t\t\t\t\t<div class=\"elementor-column elementor-col-100 elementor-top-column elementor-element elementor-element-96c9e40\" data-id=\"96c9e40\" data-element_type=\"column\" data-e-type=\"column\">\n\t\t\t<div class=\"elementor-widget-wrap elementor-element-populated\">\n\t\t\t\t\t\t<div class=\"elementor-element elementor-element-d185a2f elementor-widget elementor-widget-heading\" data-id=\"d185a2f\" data-element_type=\"widget\" data-e-type=\"widget\" data-widget_type=\"heading.default\">\n\t\t\t\t<div class=\"elementor-widget-container\">\n\t\t\t\t\t<h2 class=\"elementor-heading-title elementor-size-default\">Holger Nitsche<\/h2>\t\t\t\t<\/div>\n\t\t\t\t<\/div>\n\t\t\t\t<div class=\"elementor-element elementor-element-aa5b07a elementor-widget elementor-widget-image\" data-id=\"aa5b07a\" data-element_type=\"widget\" data-e-type=\"widget\" data-widget_type=\"image.default\">\n\t\t\t\t<div class=\"elementor-widget-container\">\n\t\t\t\t\t\t\t\t\t\t\t\t\t\t\t<img fetchpriority=\"high\" decoding=\"async\" width=\"800\" height=\"534\" src=\"https:\/\/www.rhythmecality.com\/wp-content\/uploads\/2024\/08\/DSC_8572-1024x683.jpg\" class=\"attachment-large size-large wp-image-857\" alt=\"\" srcset=\"https:\/\/www.rhythmecality.com\/wp-content\/uploads\/2024\/08\/DSC_8572-1024x683.jpg 1024w, https:\/\/www.rhythmecality.com\/wp-content\/uploads\/2024\/08\/DSC_8572-300x200.jpg 300w, https:\/\/www.rhythmecality.com\/wp-content\/uploads\/2024\/08\/DSC_8572-768x512.jpg 768w, https:\/\/www.rhythmecality.com\/wp-content\/uploads\/2024\/08\/DSC_8572-1536x1025.jpg 1536w, https:\/\/www.rhythmecality.com\/wp-content\/uploads\/2024\/08\/DSC_8572-18x12.jpg 18w, https:\/\/www.rhythmecality.com\/wp-content\/uploads\/2024\/08\/DSC_8572.jpg 1772w\" sizes=\"(max-width: 800px) 100vw, 800px\" \/>\t\t\t\t\t\t\t\t\t\t\t\t\t\t\t<\/div>\n\t\t\t\t<\/div>\n\t\t\t\t<div class=\"elementor-element elementor-element-eb2605e elementor-widget elementor-widget-text-editor\" data-id=\"eb2605e\" data-element_type=\"widget\" data-e-type=\"widget\" data-widget_type=\"text-editor.default\">\n\t\t\t\t<div class=\"elementor-widget-container\">\n\t\t\t\t\t\t\t\t\t<p>Holger Nitsche was awarded several times as European and World Champion in Latin American dances and ended his active dance career as a professional dancer in 1999.<\/p><p>At the same time, he successfully completed an apprenticeship as an industrial clerk and a sports degree in Freiburg.<\/p><p>Thanks to his university studies in sports, his fifteen years of intensive experience in soccer, the special fine coordination in dance sports, to which he has belonged for over 30 years, as well as many other sports activities and movement experiences, his focus is always on the awareness and economy of the body, coordination and functioning.<\/p><p>Holger Nitsche's extensive knowledge and practical experience flow into his multifaceted work today. He attaches particular importance to understanding and optimizing the body's inner and outer postures.<\/p><p><strong>Personal credo:<\/strong><\/p><p>\"The body has always been the center of my life and therefore of my work.\"<\/p><p>Both in his work as a mentor in dance sport, head of the Nitsche Teacher Academy &amp; Masterclass, licensed trainer A, state trainer Baden-W\u00fcrttemberg, association trainer of the DTV, international trainer and adjudicator, choreographer, speaker and movement expert, as well as a seminar and workshop leader of various movement topics, the following always applies to him with regard to inner and outer attitude:<\/p><p>\"Feel your body first - then go into action.\"<\/p><p>Further information can be found at:<\/p><p><a href=\"http:\/\/www.holgernitsche.com\/\" target=\"_new\" rel=\"noreferrer\">www.holgernitsche.com<\/a><\/p><p>\u00a0<\/p>\t\t\t\t\t\t\t\t<\/div>\n\t\t\t\t<\/div>\n\t\t\t\t\t<\/div>\n\t\t<\/div>\n\t\t\t\t\t<\/div>\n\t\t<\/section>\n\t\t\t\t<section class=\"elementor-section elementor-top-section elementor-element elementor-element-cef20ce elementor-section-boxed elementor-section-height-default elementor-section-height-default\" data-id=\"cef20ce\" data-element_type=\"section\" data-e-type=\"section\">\n\t\t\t\t\t\t<div class=\"elementor-container elementor-column-gap-default\">\n\t\t\t\t\t<div class=\"elementor-column elementor-col-100 elementor-top-column elementor-element elementor-element-14736d1\" data-id=\"14736d1\" data-element_type=\"column\" data-e-type=\"column\">\n\t\t\t<div class=\"elementor-widget-wrap elementor-element-populated\">\n\t\t\t\t\t\t<div class=\"elementor-element elementor-element-bb0ab20 elementor-widget elementor-widget-heading\" data-id=\"bb0ab20\" data-element_type=\"widget\" data-e-type=\"widget\" data-widget_type=\"heading.default\">\n\t\t\t\t<div class=\"elementor-widget-container\">\n\t\t\t\t\t<h2 class=\"elementor-heading-title elementor-size-default\">How it all began\u2026 The start and creation of RhythMEcality in collaboration with J\u00fcrgen Neudeck<\/h2>\t\t\t\t<\/div>\n\t\t\t\t<\/div>\n\t\t\t\t<div class=\"elementor-element elementor-element-6d2101b elementor-widget elementor-widget-text-editor\" data-id=\"6d2101b\" data-element_type=\"widget\" data-e-type=\"widget\" data-widget_type=\"text-editor.default\">\n\t\t\t\t<div class=\"elementor-widget-container\">\n\t\t\t\t\t\t\t\t\t<p>As dancers, coaches and friends, we have been lucky enough to grow and develop as a team. The freedom and openness of our coaches enabled us to gain experience in different areas and to be able to pass on this experience today as revised knowledge in dance sport and other sports.<\/p>\t\t\t\t\t\t\t\t<\/div>\n\t\t\t\t<\/div>\n\t\t\t\t<div class=\"elementor-element elementor-element-efaf05c elementor-widget elementor-widget-text-editor\" data-id=\"efaf05c\" data-element_type=\"widget\" data-e-type=\"widget\" data-widget_type=\"text-editor.default\">\n\t\t\t\t<div class=\"elementor-widget-container\">\n\t\t\t\t\t\t\t\t\t<p>In 2000 we, Holger and J\u00fcrgen, spent a fantastic time in Miami, followed by further training in salsa in New York.\u00a0<\/p><p>This gave rise to the idea of working together as a team in the future, sharing the knowledge we had acquired up to that point and developing it further together. As a result, we presented our first rhythm concept \"Rhythm and Sound Cha Cha Cha\" in dance sport in 2003.\u00a0<\/p><p>Thanks to our many years of experience as dancers and trainers, we have also been able to develop methods for other sports.<br \/>Dance sport is one of the leading sports, especially in the area of posture and coordination, and is therefore predestined to develop this further<br \/>in other sports.\u00a0<\/p><p>Our innovative products and their methods enable us to improve fine motor skills and movement efficiency.\u00a0<\/p><p>A major goal of our joint work is therefore to use our newly developed products and the associated movement software to improve the quality of complex movement sequences and take them to a higher level.<\/p><p>Between 2011 and 2026, the team became the company nnsquare.\u00a0<\/p><p>Since the start of 2026, Holger Nitsche and J\u00fcrgen Neudeck have gone their separate ways professionally, but remain in very close contact as friends and teacher fellows.<\/p>\t\t\t\t\t\t\t\t<\/div>\n\t\t\t\t<\/div>\n\t\t\t\t\t<\/div>\n\t\t<\/div>\n\t\t\t\t\t<\/div>\n\t\t<\/section>\n\t\t\t\t<section class=\"elementor-section elementor-top-section elementor-element elementor-element-b1a962e elementor-section-boxed elementor-section-height-default elementor-section-height-default\" data-id=\"b1a962e\" data-element_type=\"section\" data-e-type=\"section\">\n\t\t\t\t\t\t<div class=\"elementor-container elementor-column-gap-default\">\n\t\t\t\t\t<div class=\"elementor-column elementor-col-100 elementor-top-column elementor-element elementor-element-65d4d56\" data-id=\"65d4d56\" data-element_type=\"column\" data-e-type=\"column\">\n\t\t\t<div class=\"elementor-widget-wrap elementor-element-populated\">\n\t\t\t\t\t\t<div class=\"elementor-element elementor-element-4a7e777 elementor-widget elementor-widget-video\" data-id=\"4a7e777\" data-element_type=\"widget\" data-e-type=\"widget\" data-settings=\"{&quot;video_type&quot;:&quot;vimeo&quot;}\" data-widget_type=\"video.default\">\n\t\t\t\t<div class=\"elementor-widget-container\">\n\t\t\t\t\t\t\t<div class=\"elementor-wrapper elementor-open-inline\">\n\t\t\t <div class=\"brlbs-cmpnt-container brlbs-cmpnt-content-blocker brlbs-cmpnt-with-individual-styles\" data-borlabs-cookie-content-blocker-id=\"vimeo-content-blocker\" data-borlabs-cookie-content=\"PGlmcmFtZSBjbGFzcz0iZWxlbWVudG9yLXZpZGVvLWlmcmFtZSIgYWxsb3dmdWxsc2NyZWVuIGFsbG93PSJjbGlwYm9hcmQtd3JpdGUiIHRpdGxlPSJ2aW1lbyBWaWRlbyBQbGF5ZXIiIHNyYz0iaHR0cHM6Ly9wbGF5ZXIudmltZW8uY29tL3ZpZGVvLzk4NDA0MjI4OT9jb2xvciZhbXA7YXV0b3BhdXNlPTAmYW1wO2xvb3A9MCZhbXA7bXV0ZWQ9MCZhbXA7dGl0bGU9MCZhbXA7cG9ydHJhaXQ9MCZhbXA7YnlsaW5lPTAjdD0iPjwvaWZyYW1lPg==\"><div class=\"brlbs-cmpnt-cb-preset-c brlbs-cmpnt-cb-vimeo\"> <div class=\"brlbs-cmpnt-cb-thumbnail\" style=\"background-image: url('https:\/\/www.rhythmecality.com\/wp-content\/uploads\/borlabs-cookie\/1\/vimeo_984042289.jpg')\"><\/div> <div class=\"brlbs-cmpnt-cb-main\"> <div class=\"brlbs-cmpnt-cb-play-button\"><\/div> <div class=\"brlbs-cmpnt-cb-content\"> <p class=\"brlbs-cmpnt-cb-description\">You are currently viewing a placeholder content from <strong>Vimeo<\/strong>. To access the actual content, click the button below. Please note that doing so will share data with third-party providers.<\/p> <a class=\"brlbs-cmpnt-cb-provider-toggle\" href=\"#\" data-borlabs-cookie-show-provider-information role=\"button\">More Information<\/a> <\/div> <div class=\"brlbs-cmpnt-cb-buttons\"> <a class=\"brlbs-cmpnt-cb-btn\" href=\"#\" data-borlabs-cookie-unblock role=\"button\">Unblock content<\/a> <a class=\"brlbs-cmpnt-cb-btn\" href=\"#\" data-borlabs-cookie-accept-service role=\"button\" style=\"display: inherit\">Accept required service and unblock content<\/a> <\/div> <\/div> <\/div><\/div>\t\t<\/div>\n\t\t\t\t\t\t<\/div>\n\t\t\t\t<\/div>\n\t\t\t\t\t<\/div>\n\t\t<\/div>\n\t\t\t\t\t<\/div>\n\t\t<\/section>\n\t\t\t\t<\/div>","protected":false},"excerpt":{"rendered":"<p>Holger Nitsche Holger Nitsche wurde mehrfach als Europa- und Weltmeister in den lateinamerikanischen T\u00e4nzen ausgezeichnet und beendete 1999 seine aktive Tanzkarriere als Profit\u00e4nzer. Gleichzeitig schloss er erfolgreich eine Ausbildung zum Industriekaufmann und ein Sportstudium in Freiburg ab. Dank seines Universit\u00e4tsstudiums im Bereich Sport, seiner f\u00fcnfzehnj\u00e4hrigen intensiven Erfahrung im Fu\u00dfball, der besonderen Feinkoordination im Tanzsport, dem [&hellip;]<\/p>\n","protected":false},"author":2,"featured_media":0,"parent":0,"menu_order":0,"comment_status":"closed","ping_status":"closed","template":"","meta":{"footnotes":""},"class_list":["post-51","page","type-page","status-publish","hentry"],"yoast_head":"<!-- This site is optimized with the Yoast SEO plugin v27.5 - https:\/\/yoast.com\/product\/yoast-seo-wordpress\/ -->\n<title>\u00dcber mich - RhythMEcality<\/title>\n<meta name=\"robots\" content=\"index, follow, max-snippet:-1, max-image-preview:large, max-video-preview:-1\" \/>\n<link rel=\"canonical\" href=\"https:\/\/www.rhythmecality.com\/en\/ueber-mich\/\" \/>\n<meta property=\"og:locale\" content=\"en_US\" \/>\n<meta property=\"og:type\" content=\"article\" \/>\n<meta property=\"og:title\" content=\"\u00dcber mich - RhythMEcality\" \/>\n<meta property=\"og:description\" content=\"Holger Nitsche Holger Nitsche wurde mehrfach als Europa- und Weltmeister in den lateinamerikanischen T\u00e4nzen ausgezeichnet und beendete 1999 seine aktive Tanzkarriere als Profit\u00e4nzer. Gleichzeitig schloss er erfolgreich eine Ausbildung zum Industriekaufmann und ein Sportstudium in Freiburg ab. Dank seines Universit\u00e4tsstudiums im Bereich Sport, seiner f\u00fcnfzehnj\u00e4hrigen intensiven Erfahrung im Fu\u00dfball, der besonderen Feinkoordination im Tanzsport, dem [&hellip;]\" \/>\n<meta property=\"og:url\" content=\"https:\/\/www.rhythmecality.com\/en\/ueber-mich\/\" \/>\n<meta property=\"og:site_name\" content=\"RhythMEcality\" \/>\n<meta property=\"article:modified_time\" content=\"2026-05-07T19:45:54+00:00\" \/>\n<meta property=\"og:image\" content=\"https:\/\/www.rhythmecality.com\/wp-content\/uploads\/2024\/08\/DSC_8572-1024x683.jpg\" \/>\n<meta name=\"twitter:card\" content=\"summary_large_image\" \/>\n<meta name=\"twitter:label1\" content=\"Est. reading time\" \/>\n\t<meta name=\"twitter:data1\" content=\"3 minutes\" \/>\n<script type=\"application\/ld+json\" class=\"yoast-schema-graph\">{\"@context\":\"https:\\\/\\\/schema.org\",\"@graph\":[{\"@type\":\"WebPage\",\"@id\":\"https:\\\/\\\/www.rhythmecality.com\\\/ueber-mich\\\/\",\"url\":\"https:\\\/\\\/www.rhythmecality.com\\\/ueber-mich\\\/\",\"name\":\"\u00dcber mich - RhythMEcality\",\"isPartOf\":{\"@id\":\"https:\\\/\\\/www.rhythmecality.com\\\/#website\"},\"primaryImageOfPage\":{\"@id\":\"https:\\\/\\\/www.rhythmecality.com\\\/ueber-mich\\\/#primaryimage\"},\"image\":{\"@id\":\"https:\\\/\\\/www.rhythmecality.com\\\/ueber-mich\\\/#primaryimage\"},\"thumbnailUrl\":\"https:\\\/\\\/www.rhythmecality.com\\\/wp-content\\\/uploads\\\/2024\\\/08\\\/DSC_8572-1024x683.jpg\",\"datePublished\":\"2024-07-14T22:57:46+00:00\",\"dateModified\":\"2026-05-07T19:45:54+00:00\",\"breadcrumb\":{\"@id\":\"https:\\\/\\\/www.rhythmecality.com\\\/ueber-mich\\\/#breadcrumb\"},\"inLanguage\":\"en-US\",\"potentialAction\":[{\"@type\":\"ReadAction\",\"target\":[\"https:\\\/\\\/www.rhythmecality.com\\\/ueber-mich\\\/\"]}]},{\"@type\":\"ImageObject\",\"inLanguage\":\"en-US\",\"@id\":\"https:\\\/\\\/www.rhythmecality.com\\\/ueber-mich\\\/#primaryimage\",\"url\":\"https:\\\/\\\/www.rhythmecality.com\\\/wp-content\\\/uploads\\\/2024\\\/08\\\/DSC_8572-1024x683.jpg\",\"contentUrl\":\"https:\\\/\\\/www.rhythmecality.com\\\/wp-content\\\/uploads\\\/2024\\\/08\\\/DSC_8572-1024x683.jpg\"},{\"@type\":\"BreadcrumbList\",\"@id\":\"https:\\\/\\\/www.rhythmecality.com\\\/ueber-mich\\\/#breadcrumb\",\"itemListElement\":[{\"@type\":\"ListItem\",\"position\":1,\"name\":\"Startseite\",\"item\":\"https:\\\/\\\/www.rhythmecality.com\\\/\"},{\"@type\":\"ListItem\",\"position\":2,\"name\":\"\u00dcber mich\"}]},{\"@type\":\"WebSite\",\"@id\":\"https:\\\/\\\/www.rhythmecality.com\\\/#website\",\"url\":\"https:\\\/\\\/www.rhythmecality.com\\\/\",\"name\":\"RhythMEcality\",\"description\":\"\",\"publisher\":{\"@id\":\"https:\\\/\\\/www.rhythmecality.com\\\/#organization\"},\"potentialAction\":[{\"@type\":\"SearchAction\",\"target\":{\"@type\":\"EntryPoint\",\"urlTemplate\":\"https:\\\/\\\/www.rhythmecality.com\\\/?s={search_term_string}\"},\"query-input\":{\"@type\":\"PropertyValueSpecification\",\"valueRequired\":true,\"valueName\":\"search_term_string\"}}],\"inLanguage\":\"en-US\"},{\"@type\":\"Organization\",\"@id\":\"https:\\\/\\\/www.rhythmecality.com\\\/#organization\",\"name\":\"RhythMEcality\",\"url\":\"https:\\\/\\\/www.rhythmecality.com\\\/\",\"logo\":{\"@type\":\"ImageObject\",\"inLanguage\":\"en-US\",\"@id\":\"https:\\\/\\\/www.rhythmecality.com\\\/#\\\/schema\\\/logo\\\/image\\\/\",\"url\":\"https:\\\/\\\/www.rhythmecality.com\\\/wp-content\\\/uploads\\\/2024\\\/07\\\/Logo-nnsquare.jpg\",\"contentUrl\":\"https:\\\/\\\/www.rhythmecality.com\\\/wp-content\\\/uploads\\\/2024\\\/07\\\/Logo-nnsquare.jpg\",\"width\":1920,\"height\":720,\"caption\":\"RhythMEcality\"},\"image\":{\"@id\":\"https:\\\/\\\/www.rhythmecality.com\\\/#\\\/schema\\\/logo\\\/image\\\/\"}}]}<\/script>\n<!-- \/ Yoast SEO plugin. -->","yoast_head_json":{"title":"\u00dcber mich - RhythMEcality","robots":{"index":"index","follow":"follow","max-snippet":"max-snippet:-1","max-image-preview":"max-image-preview:large","max-video-preview":"max-video-preview:-1"},"canonical":"https:\/\/www.rhythmecality.com\/en\/ueber-mich\/","og_locale":"en_US","og_type":"article","og_title":"\u00dcber mich - RhythMEcality","og_description":"Holger Nitsche Holger Nitsche wurde mehrfach als Europa- und Weltmeister in den lateinamerikanischen T\u00e4nzen ausgezeichnet und beendete 1999 seine aktive Tanzkarriere als Profit\u00e4nzer. Gleichzeitig schloss er erfolgreich eine Ausbildung zum Industriekaufmann und ein Sportstudium in Freiburg ab. Dank seines Universit\u00e4tsstudiums im Bereich Sport, seiner f\u00fcnfzehnj\u00e4hrigen intensiven Erfahrung im Fu\u00dfball, der besonderen Feinkoordination im Tanzsport, dem [&hellip;]","og_url":"https:\/\/www.rhythmecality.com\/en\/ueber-mich\/","og_site_name":"RhythMEcality","article_modified_time":"2026-05-07T19:45:54+00:00","og_image":[{"url":"https:\/\/www.rhythmecality.com\/wp-content\/uploads\/2024\/08\/DSC_8572-1024x683.jpg","type":"","width":"","height":""}],"twitter_card":"summary_large_image","twitter_misc":{"Est. reading time":"3 minutes"},"schema":{"@context":"https:\/\/schema.org","@graph":[{"@type":"WebPage","@id":"https:\/\/www.rhythmecality.com\/ueber-mich\/","url":"https:\/\/www.rhythmecality.com\/ueber-mich\/","name":"\u00dcber mich - RhythMEcality","isPartOf":{"@id":"https:\/\/www.rhythmecality.com\/#website"},"primaryImageOfPage":{"@id":"https:\/\/www.rhythmecality.com\/ueber-mich\/#primaryimage"},"image":{"@id":"https:\/\/www.rhythmecality.com\/ueber-mich\/#primaryimage"},"thumbnailUrl":"https:\/\/www.rhythmecality.com\/wp-content\/uploads\/2024\/08\/DSC_8572-1024x683.jpg","datePublished":"2024-07-14T22:57:46+00:00","dateModified":"2026-05-07T19:45:54+00:00","breadcrumb":{"@id":"https:\/\/www.rhythmecality.com\/ueber-mich\/#breadcrumb"},"inLanguage":"en-US","potentialAction":[{"@type":"ReadAction","target":["https:\/\/www.rhythmecality.com\/ueber-mich\/"]}]},{"@type":"ImageObject","inLanguage":"en-US","@id":"https:\/\/www.rhythmecality.com\/ueber-mich\/#primaryimage","url":"https:\/\/www.rhythmecality.com\/wp-content\/uploads\/2024\/08\/DSC_8572-1024x683.jpg","contentUrl":"https:\/\/www.rhythmecality.com\/wp-content\/uploads\/2024\/08\/DSC_8572-1024x683.jpg"},{"@type":"BreadcrumbList","@id":"https:\/\/www.rhythmecality.com\/ueber-mich\/#breadcrumb","itemListElement":[{"@type":"ListItem","position":1,"name":"Startseite","item":"https:\/\/www.rhythmecality.com\/"},{"@type":"ListItem","position":2,"name":"\u00dcber mich"}]},{"@type":"WebSite","@id":"https:\/\/www.rhythmecality.com\/#website","url":"https:\/\/www.rhythmecality.com\/","name":"RhythMEcality","description":"","publisher":{"@id":"https:\/\/www.rhythmecality.com\/#organization"},"potentialAction":[{"@type":"SearchAction","target":{"@type":"EntryPoint","urlTemplate":"https:\/\/www.rhythmecality.com\/?s={search_term_string}"},"query-input":{"@type":"PropertyValueSpecification","valueRequired":true,"valueName":"search_term_string"}}],"inLanguage":"en-US"},{"@type":"Organization","@id":"https:\/\/www.rhythmecality.com\/#organization","name":"RhythMEcality","url":"https:\/\/www.rhythmecality.com\/","logo":{"@type":"ImageObject","inLanguage":"en-US","@id":"https:\/\/www.rhythmecality.com\/#\/schema\/logo\/image\/","url":"https:\/\/www.rhythmecality.com\/wp-content\/uploads\/2024\/07\/Logo-nnsquare.jpg","contentUrl":"https:\/\/www.rhythmecality.com\/wp-content\/uploads\/2024\/07\/Logo-nnsquare.jpg","width":1920,"height":720,"caption":"RhythMEcality"},"image":{"@id":"https:\/\/www.rhythmecality.com\/#\/schema\/logo\/image\/"}}]}},"_links":{"self":[{"href":"https:\/\/www.rhythmecality.com\/en\/wp-json\/wp\/v2\/pages\/51","targetHints":{"allow":["GET"]}}],"collection":[{"href":"https:\/\/www.rhythmecality.com\/en\/wp-json\/wp\/v2\/pages"}],"about":[{"href":"https:\/\/www.rhythmecality.com\/en\/wp-json\/wp\/v2\/types\/page"}],"author":[{"embeddable":true,"href":"https:\/\/www.rhythmecality.com\/en\/wp-json\/wp\/v2\/users\/2"}],"replies":[{"embeddable":true,"href":"https:\/\/www.rhythmecality.com\/en\/wp-json\/wp\/v2\/comments?post=51"}],"version-history":[{"count":7,"href":"https:\/\/www.rhythmecality.com\/en\/wp-json\/wp\/v2\/pages\/51\/revisions"}],"predecessor-version":[{"id":1027,"href":"https:\/\/www.rhythmecality.com\/en\/wp-json\/wp\/v2\/pages\/51\/revisions\/1027"}],"wp:attachment":[{"href":"https:\/\/www.rhythmecality.com\/en\/wp-json\/wp\/v2\/media?parent=51"}],"curies":[{"name":"wp","href":"https:\/\/api.w.org\/{rel}","templated":true}]}}