{"id":342,"date":"2024-07-16T01:51:58","date_gmt":"2024-07-16T01:51:58","guid":{"rendered":"https:\/\/www.rhythmecality.com\/?page_id=342"},"modified":"2026-05-07T19:38:52","modified_gmt":"2026-05-07T19:38:52","slug":"bookme","status":"publish","type":"page","link":"https:\/\/www.rhythmecality.com\/en\/bookme\/","title":{"rendered":"Bookme"},"content":{"rendered":"<div data-elementor-type=\"wp-page\" data-elementor-id=\"342\" class=\"elementor elementor-342\" data-elementor-post-type=\"page\">\n\t\t\t\t\t\t<section class=\"elementor-section elementor-top-section elementor-element elementor-element-42ad4be elementor-section-boxed elementor-section-height-default elementor-section-height-default\" data-id=\"42ad4be\" data-element_type=\"section\" data-e-type=\"section\">\n\t\t\t\t\t\t<div class=\"elementor-container elementor-column-gap-default\">\n\t\t\t\t\t<div class=\"elementor-column elementor-col-100 elementor-top-column elementor-element elementor-element-7855aba\" data-id=\"7855aba\" data-element_type=\"column\" data-e-type=\"column\">\n\t\t\t<div class=\"elementor-widget-wrap elementor-element-populated\">\n\t\t\t\t\t\t<div class=\"elementor-element elementor-element-738fe31 elementor-widget elementor-widget-heading\" data-id=\"738fe31\" data-element_type=\"widget\" data-e-type=\"widget\" data-widget_type=\"heading.default\">\n\t\t\t\t<div class=\"elementor-widget-container\">\n\t\t\t\t\t<h2 class=\"elementor-heading-title elementor-size-default\">Bookme<\/h2>\t\t\t\t<\/div>\n\t\t\t\t<\/div>\n\t\t\t\t<div class=\"elementor-element elementor-element-02901d1 elementor-widget__width-initial elementor-widget elementor-widget-heading\" data-id=\"02901d1\" data-element_type=\"widget\" data-e-type=\"widget\" data-widget_type=\"heading.default\">\n\t\t\t\t<div class=\"elementor-widget-container\">\n\t\t\t\t\t<h2 class=\"elementor-heading-title elementor-size-default\">Following workshops\/offers with <span style=\"color: black\">RHYTH<span style=\"color: #01A4E4\">ME<\/span>CALITY<\/span>\u00ae:<\/h2>\t\t\t\t<\/div>\n\t\t\t\t<\/div>\n\t\t\t\t<div class=\"elementor-element elementor-element-fb68b61 elementor-widget elementor-widget-text-editor\" data-id=\"fb68b61\" data-element_type=\"widget\" data-e-type=\"widget\" data-widget_type=\"text-editor.default\">\n\t\t\t\t<div class=\"elementor-widget-container\">\n\t\t\t\t\t\t\t\t\t<h4><strong>Dance teacher training<\/strong><\/h4><ul><li>on a private lesson basis<\/li><li>in exclusive small groups<\/li><li>in workshops with dance students from beginners' courses to dance circles<\/li><\/ul><h4><strong>National and international dance associations<\/strong><\/h4><ul><li>Trainer education and training (competitive dance &amp; popular sports)<\/li><li>Coaches' congresses for competitive dance &amp; popular sports<\/li><li>Judge training and courses<\/li><li>Judges' congresses<\/li><li>Management measure<\/li><\/ul><h4><strong>Private trainer training and further education<\/strong><\/h4><ul><li>on a private lesson basis<\/li><li>in exclusive small groups<\/li><li>in medium to large groups<\/li><\/ul><h4><strong>Private tournament pairs and individual student training<\/strong><\/h4><ul><li>on a private lesson basis<\/li><li>in workshops and seminars<\/li><\/ul><h4><strong>Combined trainer and tournament pair workshops<\/strong><\/h4><ul><li>with individually developed training concepts<\/li><\/ul>\t\t\t\t\t\t\t\t<\/div>\n\t\t\t\t<\/div>\n\t\t\t\t<div class=\"elementor-element elementor-element-591af7a elementor-widget elementor-widget-heading\" data-id=\"591af7a\" data-element_type=\"widget\" data-e-type=\"widget\" data-widget_type=\"heading.default\">\n\t\t\t\t<div class=\"elementor-widget-container\">\n\t\t\t\t\t<h2 class=\"elementor-heading-title elementor-size-default\">I would be happy to create a quote tailored to your needs!<\/h2>\t\t\t\t<\/div>\n\t\t\t\t<\/div>\n\t\t\t\t<div class=\"elementor-element elementor-element-0cceeb3 elementor-widget elementor-widget-button\" data-id=\"0cceeb3\" data-element_type=\"widget\" data-e-type=\"widget\" data-widget_type=\"button.default\">\n\t\t\t\t<div class=\"elementor-widget-container\">\n\t\t\t\t\t\t\t\t\t<div class=\"elementor-button-wrapper\">\n\t\t\t\t\t<a class=\"elementor-button elementor-button-link elementor-size-sm\" href=\"https:\/\/www.rhythmecality.com\/en\/kontakt\/\">\n\t\t\t\t\t\t<span class=\"elementor-button-content-wrapper\">\n\t\t\t\t\t\t\t\t\t<span class=\"elementor-button-text\">Request here<\/span>\n\t\t\t\t\t<\/span>\n\t\t\t\t\t<\/a>\n\t\t\t\t<\/div>\n\t\t\t\t\t\t\t\t<\/div>\n\t\t\t\t<\/div>\n\t\t\t\t\t<\/div>\n\t\t<\/div>\n\t\t\t\t\t<\/div>\n\t\t<\/section>\n\t\t\t\t<\/div>","protected":false},"excerpt":{"rendered":"<p>Bookme Folgende Workshops mit RHYTHMECALITY\u00ae: Tanzlehrer-weiterbildungen auf Privatstundenbasis in exklusiven Kleingruppen in Workshops mit den Tanzsch\u00fclern vom Anf\u00e4ngerkurs bis zum Tanzkreis Nationale sowie internationale Tanzverb\u00e4nde Trainerausbildungen und -schulungen (Turniertanz &amp; Breitensport) Trainerkongresse f\u00fcr Turniertanz &amp; Breitensport Wertungsrichterausbildung und -schulungen Wertungsrichterkongresse Kaderma\u00dfnahme Private Traineraus- und -weiterbildungen auf Privatstundenbasis in exklusiven Kleingruppen in mittleren bis gr\u00f6\u00dferen Gruppen [&hellip;]<\/p>\n","protected":false},"author":2,"featured_media":0,"parent":0,"menu_order":0,"comment_status":"closed","ping_status":"closed","template":"","meta":{"footnotes":""},"class_list":["post-342","page","type-page","status-publish","hentry"],"yoast_head":"<!-- This site is optimized with the Yoast SEO plugin v27.5 - https:\/\/yoast.com\/product\/yoast-seo-wordpress\/ -->\n<title>Bookme - RhythMEcality<\/title>\n<meta name=\"robots\" content=\"index, follow, max-snippet:-1, max-image-preview:large, max-video-preview:-1\" \/>\n<link rel=\"canonical\" href=\"https:\/\/www.rhythmecality.com\/en\/bookme\/\" \/>\n<meta property=\"og:locale\" content=\"en_US\" \/>\n<meta property=\"og:type\" content=\"article\" \/>\n<meta property=\"og:title\" content=\"Bookme - RhythMEcality\" \/>\n<meta property=\"og:description\" content=\"Bookme Folgende Workshops mit RHYTHMECALITY\u00ae: Tanzlehrer-weiterbildungen auf Privatstundenbasis in exklusiven Kleingruppen in Workshops mit den Tanzsch\u00fclern vom Anf\u00e4ngerkurs bis zum Tanzkreis Nationale sowie internationale Tanzverb\u00e4nde Trainerausbildungen und -schulungen (Turniertanz &amp; Breitensport) Trainerkongresse f\u00fcr Turniertanz &amp; Breitensport Wertungsrichterausbildung und -schulungen Wertungsrichterkongresse Kaderma\u00dfnahme Private Traineraus- und -weiterbildungen auf Privatstundenbasis in exklusiven Kleingruppen in mittleren bis gr\u00f6\u00dferen Gruppen [&hellip;]\" \/>\n<meta property=\"og:url\" content=\"https:\/\/www.rhythmecality.com\/en\/bookme\/\" \/>\n<meta property=\"og:site_name\" content=\"RhythMEcality\" \/>\n<meta property=\"article:modified_time\" content=\"2026-05-07T19:38:52+00:00\" \/>\n<meta name=\"twitter:card\" content=\"summary_large_image\" \/>\n<meta name=\"twitter:label1\" content=\"Est. reading time\" \/>\n\t<meta name=\"twitter:data1\" content=\"1 minute\" \/>\n<script type=\"application\/ld+json\" class=\"yoast-schema-graph\">{\"@context\":\"https:\\\/\\\/schema.org\",\"@graph\":[{\"@type\":\"WebPage\",\"@id\":\"https:\\\/\\\/www.rhythmecality.com\\\/bookme\\\/\",\"url\":\"https:\\\/\\\/www.rhythmecality.com\\\/bookme\\\/\",\"name\":\"Bookme - RhythMEcality\",\"isPartOf\":{\"@id\":\"https:\\\/\\\/www.rhythmecality.com\\\/#website\"},\"datePublished\":\"2024-07-16T01:51:58+00:00\",\"dateModified\":\"2026-05-07T19:38:52+00:00\",\"breadcrumb\":{\"@id\":\"https:\\\/\\\/www.rhythmecality.com\\\/bookme\\\/#breadcrumb\"},\"inLanguage\":\"en-US\",\"potentialAction\":[{\"@type\":\"ReadAction\",\"target\":[\"https:\\\/\\\/www.rhythmecality.com\\\/bookme\\\/\"]}]},{\"@type\":\"BreadcrumbList\",\"@id\":\"https:\\\/\\\/www.rhythmecality.com\\\/bookme\\\/#breadcrumb\",\"itemListElement\":[{\"@type\":\"ListItem\",\"position\":1,\"name\":\"Startseite\",\"item\":\"https:\\\/\\\/www.rhythmecality.com\\\/\"},{\"@type\":\"ListItem\",\"position\":2,\"name\":\"Bookme\"}]},{\"@type\":\"WebSite\",\"@id\":\"https:\\\/\\\/www.rhythmecality.com\\\/#website\",\"url\":\"https:\\\/\\\/www.rhythmecality.com\\\/\",\"name\":\"RhythMEcality\",\"description\":\"\",\"publisher\":{\"@id\":\"https:\\\/\\\/www.rhythmecality.com\\\/#organization\"},\"potentialAction\":[{\"@type\":\"SearchAction\",\"target\":{\"@type\":\"EntryPoint\",\"urlTemplate\":\"https:\\\/\\\/www.rhythmecality.com\\\/?s={search_term_string}\"},\"query-input\":{\"@type\":\"PropertyValueSpecification\",\"valueRequired\":true,\"valueName\":\"search_term_string\"}}],\"inLanguage\":\"en-US\"},{\"@type\":\"Organization\",\"@id\":\"https:\\\/\\\/www.rhythmecality.com\\\/#organization\",\"name\":\"RhythMEcality\",\"url\":\"https:\\\/\\\/www.rhythmecality.com\\\/\",\"logo\":{\"@type\":\"ImageObject\",\"inLanguage\":\"en-US\",\"@id\":\"https:\\\/\\\/www.rhythmecality.com\\\/#\\\/schema\\\/logo\\\/image\\\/\",\"url\":\"https:\\\/\\\/www.rhythmecality.com\\\/wp-content\\\/uploads\\\/2024\\\/07\\\/Logo-nnsquare.jpg\",\"contentUrl\":\"https:\\\/\\\/www.rhythmecality.com\\\/wp-content\\\/uploads\\\/2024\\\/07\\\/Logo-nnsquare.jpg\",\"width\":1920,\"height\":720,\"caption\":\"RhythMEcality\"},\"image\":{\"@id\":\"https:\\\/\\\/www.rhythmecality.com\\\/#\\\/schema\\\/logo\\\/image\\\/\"}}]}<\/script>\n<!-- \/ Yoast SEO plugin. -->","yoast_head_json":{"title":"Bookme - RhythMEcality","robots":{"index":"index","follow":"follow","max-snippet":"max-snippet:-1","max-image-preview":"max-image-preview:large","max-video-preview":"max-video-preview:-1"},"canonical":"https:\/\/www.rhythmecality.com\/en\/bookme\/","og_locale":"en_US","og_type":"article","og_title":"Bookme - RhythMEcality","og_description":"Bookme Folgende Workshops mit RHYTHMECALITY\u00ae: Tanzlehrer-weiterbildungen auf Privatstundenbasis in exklusiven Kleingruppen in Workshops mit den Tanzsch\u00fclern vom Anf\u00e4ngerkurs bis zum Tanzkreis Nationale sowie internationale Tanzverb\u00e4nde Trainerausbildungen und -schulungen (Turniertanz &amp; Breitensport) Trainerkongresse f\u00fcr Turniertanz &amp; Breitensport Wertungsrichterausbildung und -schulungen Wertungsrichterkongresse Kaderma\u00dfnahme Private Traineraus- und -weiterbildungen auf Privatstundenbasis in exklusiven Kleingruppen in mittleren bis gr\u00f6\u00dferen Gruppen [&hellip;]","og_url":"https:\/\/www.rhythmecality.com\/en\/bookme\/","og_site_name":"RhythMEcality","article_modified_time":"2026-05-07T19:38:52+00:00","twitter_card":"summary_large_image","twitter_misc":{"Est. reading time":"1 minute"},"schema":{"@context":"https:\/\/schema.org","@graph":[{"@type":"WebPage","@id":"https:\/\/www.rhythmecality.com\/bookme\/","url":"https:\/\/www.rhythmecality.com\/bookme\/","name":"Bookme - RhythMEcality","isPartOf":{"@id":"https:\/\/www.rhythmecality.com\/#website"},"datePublished":"2024-07-16T01:51:58+00:00","dateModified":"2026-05-07T19:38:52+00:00","breadcrumb":{"@id":"https:\/\/www.rhythmecality.com\/bookme\/#breadcrumb"},"inLanguage":"en-US","potentialAction":[{"@type":"ReadAction","target":["https:\/\/www.rhythmecality.com\/bookme\/"]}]},{"@type":"BreadcrumbList","@id":"https:\/\/www.rhythmecality.com\/bookme\/#breadcrumb","itemListElement":[{"@type":"ListItem","position":1,"name":"Startseite","item":"https:\/\/www.rhythmecality.com\/"},{"@type":"ListItem","position":2,"name":"Bookme"}]},{"@type":"WebSite","@id":"https:\/\/www.rhythmecality.com\/#website","url":"https:\/\/www.rhythmecality.com\/","name":"RhythMEcality","description":"","publisher":{"@id":"https:\/\/www.rhythmecality.com\/#organization"},"potentialAction":[{"@type":"SearchAction","target":{"@type":"EntryPoint","urlTemplate":"https:\/\/www.rhythmecality.com\/?s={search_term_string}"},"query-input":{"@type":"PropertyValueSpecification","valueRequired":true,"valueName":"search_term_string"}}],"inLanguage":"en-US"},{"@type":"Organization","@id":"https:\/\/www.rhythmecality.com\/#organization","name":"RhythMEcality","url":"https:\/\/www.rhythmecality.com\/","logo":{"@type":"ImageObject","inLanguage":"en-US","@id":"https:\/\/www.rhythmecality.com\/#\/schema\/logo\/image\/","url":"https:\/\/www.rhythmecality.com\/wp-content\/uploads\/2024\/07\/Logo-nnsquare.jpg","contentUrl":"https:\/\/www.rhythmecality.com\/wp-content\/uploads\/2024\/07\/Logo-nnsquare.jpg","width":1920,"height":720,"caption":"RhythMEcality"},"image":{"@id":"https:\/\/www.rhythmecality.com\/#\/schema\/logo\/image\/"}}]}},"_links":{"self":[{"href":"https:\/\/www.rhythmecality.com\/en\/wp-json\/wp\/v2\/pages\/342","targetHints":{"allow":["GET"]}}],"collection":[{"href":"https:\/\/www.rhythmecality.com\/en\/wp-json\/wp\/v2\/pages"}],"about":[{"href":"https:\/\/www.rhythmecality.com\/en\/wp-json\/wp\/v2\/types\/page"}],"author":[{"embeddable":true,"href":"https:\/\/www.rhythmecality.com\/en\/wp-json\/wp\/v2\/users\/2"}],"replies":[{"embeddable":true,"href":"https:\/\/www.rhythmecality.com\/en\/wp-json\/wp\/v2\/comments?post=342"}],"version-history":[{"count":3,"href":"https:\/\/www.rhythmecality.com\/en\/wp-json\/wp\/v2\/pages\/342\/revisions"}],"predecessor-version":[{"id":1020,"href":"https:\/\/www.rhythmecality.com\/en\/wp-json\/wp\/v2\/pages\/342\/revisions\/1020"}],"wp:attachment":[{"href":"https:\/\/www.rhythmecality.com\/en\/wp-json\/wp\/v2\/media?parent=342"}],"curies":[{"name":"wp","href":"https:\/\/api.w.org\/{rel}","templated":true}]}}