{"id":120,"date":"2024-07-16T00:33:50","date_gmt":"2024-07-16T00:33:50","guid":{"rendered":"https:\/\/www.rhythmecality.com\/?page_id=120"},"modified":"2026-05-08T20:28:56","modified_gmt":"2026-05-08T20:28:56","slug":"rhythmecality","status":"publish","type":"page","link":"https:\/\/www.rhythmecality.com\/en\/rhythmecality\/","title":{"rendered":"RHYTHMECALITY\u00ae"},"content":{"rendered":"<div data-elementor-type=\"wp-page\" data-elementor-id=\"120\" class=\"elementor elementor-120\" data-elementor-post-type=\"page\">\n\t\t\t\t\t\t<section class=\"elementor-section elementor-top-section elementor-element elementor-element-24eb1b5 elementor-section-boxed elementor-section-height-default elementor-section-height-default\" data-id=\"24eb1b5\" data-element_type=\"section\" data-e-type=\"section\">\n\t\t\t\t\t\t<div class=\"elementor-container elementor-column-gap-default\">\n\t\t\t\t\t<div class=\"elementor-column elementor-col-100 elementor-top-column elementor-element elementor-element-06663e5\" data-id=\"06663e5\" data-element_type=\"column\" data-e-type=\"column\">\n\t\t\t<div class=\"elementor-widget-wrap elementor-element-populated\">\n\t\t\t\t\t\t<div class=\"elementor-element elementor-element-bc79420 elementor-widget elementor-widget-heading\" data-id=\"bc79420\" data-element_type=\"widget\" data-e-type=\"widget\" data-widget_type=\"heading.default\">\n\t\t\t\t<div class=\"elementor-widget-container\">\n\t\t\t\t\t<h2 class=\"elementor-heading-title elementor-size-default\"><span style=\"color: black\">RHYTH<span style=\"color: #01A4E4\">ME<\/span>CALITY<\/span>\u00ae<\/h2>\t\t\t\t<\/div>\n\t\t\t\t<\/div>\n\t\t\t\t<div class=\"elementor-element elementor-element-079f4ac elementor-widget elementor-widget-heading\" data-id=\"079f4ac\" data-element_type=\"widget\" data-e-type=\"widget\" data-widget_type=\"heading.default\">\n\t\t\t\t<div class=\"elementor-widget-container\">\n\t\t\t\t\t<h2 class=\"elementor-heading-title elementor-size-default\">Find your rhythm!<br>Our learning method for dancers, dance trainers and dance teachers<\/h2>\t\t\t\t<\/div>\n\t\t\t\t<\/div>\n\t\t\t\t\t<\/div>\n\t\t<\/div>\n\t\t\t\t\t<\/div>\n\t\t<\/section>\n\t\t\t\t<section class=\"elementor-section elementor-top-section elementor-element elementor-element-d2dcb9d elementor-section-boxed elementor-section-height-default elementor-section-height-default\" data-id=\"d2dcb9d\" data-element_type=\"section\" data-e-type=\"section\">\n\t\t\t\t\t\t<div class=\"elementor-container elementor-column-gap-default\">\n\t\t\t\t\t<div class=\"elementor-column elementor-col-50 elementor-top-column elementor-element elementor-element-2691cda\" data-id=\"2691cda\" data-element_type=\"column\" data-e-type=\"column\">\n\t\t\t<div class=\"elementor-widget-wrap elementor-element-populated\">\n\t\t\t\t\t\t<div class=\"elementor-element elementor-element-880925d elementor-widget elementor-widget-text-editor\" data-id=\"880925d\" data-element_type=\"widget\" data-e-type=\"widget\" data-widget_type=\"text-editor.default\">\n\t\t\t\t<div class=\"elementor-widget-container\">\n\t\t\t\t\t\t\t\t\tHolger Nitsche, multiple World and European Champion in latin american dancing, presents his unique RHYTHMECALITY\u00ae method: \nInstead of getting lost in theory and counting, dancers should learn to feel the rhythm in their own bodies, hear it in the music and translate it into movement. In this way, they can later move confidently in tempo, in time and also in rhythm. This goal is achieved through improved listening and structured movement instructions. Using different sound and rhythm patterns, dance teachers and students can target deficits and train individual movement skills.\n\nDance teachers and dance sport trainers also receive a methodical structure for their lessons.\n\n<h3>In the beginning was the rhythm<\/h3>\nEveryone knows and experiences rhythm in their own individual way. Nevertheless, our senses are not stimulated enough rhythmically in our western world. While children still start to dance spontaneously when they hear music and feel a natural body rhythm, adults often find this difficult. It is easy to understand why Latin and North American as well as African sounds are particularly popular with us: These cultures have an organic naturalness to combine body rhythm with music, while so many of us have simply lost the feeling for rhythm.\t\t\t\t\t\t\t\t<\/div>\n\t\t\t\t<\/div>\n\t\t\t\t\t<\/div>\n\t\t<\/div>\n\t\t\t\t<div class=\"elementor-column elementor-col-50 elementor-top-column elementor-element elementor-element-9695542\" data-id=\"9695542\" data-element_type=\"column\" data-e-type=\"column\">\n\t\t\t<div class=\"elementor-widget-wrap elementor-element-populated\">\n\t\t\t\t\t\t<div class=\"elementor-element elementor-element-92e9e7d elementor-widget elementor-widget-text-editor\" data-id=\"92e9e7d\" data-element_type=\"widget\" data-e-type=\"widget\" data-widget_type=\"text-editor.default\">\n\t\t\t\t<div class=\"elementor-widget-container\">\n\t\t\t\t\t\t\t\t\t<h3>What does rhythm mean - for RHYTH<span class=\"nn-blue\">ME<\/span>CALITY<sup>\u00ae<\/sup>?<\/h3><p>For me, a musical rhythm signifies the organic (physical) connection between harmonious sounds. In my book and CD series, I have created a structure in which specific musical sounds are physically connected to the body rhythm of the dancer.<\/p><h3>The problem today!<\/h3><p>Dance students and dancers often fail to connect the basic steps, figures or choreographies with the essential rhythmic components of the music they are dancing to. Even advanced and well-trained dancers find it difficult to adequately translate the music into body movement.\u00a0That is why \u2018good\u2019 and accessible musical material is essential, of which, to my regret, there is far too little. In my experience, many dance students have not yet learnt to hear and feel the rhythm. They tend instead to count it out.<\/p><p>The motto of RHYTHMECALITY\u00ae is:<br \/>\"Forget counting and feel the rhythm!\"<\/p>\t\t\t\t\t\t\t\t<\/div>\n\t\t\t\t<\/div>\n\t\t\t\t\t<\/div>\n\t\t<\/div>\n\t\t\t\t\t<\/div>\n\t\t<\/section>\n\t\t\t\t<section class=\"elementor-section elementor-top-section elementor-element elementor-element-fd1fbb1 elementor-section-boxed elementor-section-height-default elementor-section-height-default\" data-id=\"fd1fbb1\" data-element_type=\"section\" data-e-type=\"section\" id=\"mehr-erfahren\">\n\t\t\t\t\t\t<div class=\"elementor-container elementor-column-gap-default\">\n\t\t\t\t\t<div class=\"elementor-column elementor-col-100 elementor-top-column elementor-element elementor-element-91906d9\" data-id=\"91906d9\" data-element_type=\"column\" data-e-type=\"column\">\n\t\t\t<div class=\"elementor-widget-wrap elementor-element-populated\">\n\t\t\t\t\t\t<div class=\"elementor-element elementor-element-6d6be50 premium-unfold-btn-inside elementor-widget elementor-widget-premium-unfold-addon\" data-id=\"6d6be50\" data-element_type=\"widget\" data-e-type=\"widget\" data-settings=\"{&quot;premium_unfold_button_fold_text&quot;:&quot;Mehr erfahren&quot;,&quot;premium_unfold_button_unfold_text&quot;:&quot;Weniger anzeigen&quot;,&quot;premium_unfold_fold_height&quot;:5,&quot;premium_unfold_fold_height_mobile&quot;:5,&quot;premium_unfold_fold_height_select&quot;:&quot;percent&quot;,&quot;premium_unfold_fold_dur_select&quot;:&quot;fast&quot;,&quot;premium_unfold_fold_easing&quot;:&quot;swing&quot;,&quot;premium_unfold_unfold_dur_select&quot;:&quot;fast&quot;,&quot;premium_unfold_unfold_easing&quot;:&quot;swing&quot;}\" data-widget_type=\"premium-unfold-addon.default\">\n\t\t\t\t<div class=\"elementor-widget-container\">\n\t\t\t\t\t\r\n\t\t<div class='premium-unfold-container'>\r\n\t\t\t<div class='premium-unfold-folder'>\r\n\t\t\t\t\t\t\t\t\t<h3 class=\"premium-unfold-heading\">\r\n\t\t\t\t\t\t<span style=\"color: black\">RHYTH<span style=\"color: #01A4E4\">ME<\/span>CALITY<\/span>\u00ae in detail...\t\t\t\t\t<\/h3>\r\n\t\t\t\t\r\n\t\t\t\t<div id=\"premium-unfold-content-6d6be50\" class=\"premium-unfold-content toggled\">\r\n\t\t\t\t\t<div class=\"premium-unfold-content-wrap\">\r\n\t\t\t\t\t\t\t\t\t\t\t\t\t<h5>8 QUESTIONS AND 8 ANSWERS ABOUT THE RHYTHM CONCEPT RHYTHMECALITY\u00ae<\/h5>\n<p><strong><br>1. What is RHYTHMECALITY\u00ae?<\/strong><\/p>\n<p>It is a book and CD series that presents the five different Latin dances rhythmically.<br>The purpose of the RHYTH learning methodMECALITY\u00ae is about visualizing a given rhythm in the music in the dancer's body. A change in the sound should lead to a change in the body through various instruments. This means that the rhythm of the music is visually represented by the rhythm of the body.<\/p>\n<p><strong>2. What is the aim of RHYTHMECALITY\u00ae?<\/strong><\/p>\n<p>The absolute aim of the learning method is to be able to move confidently in the tempo, beat and rhythm of the respective dance later on. With my unique method, it is almost impossible not to be in rhythm!<\/p>\n<p><strong>3. How did the idea for RHYTHMECALITY\u00ae come about?<\/strong><\/p>\n<p>The aim was to create a method that would enable anyone to connect with music, and specifically with rhythm. Beginners were just as important to me as top-level dancers. Both dance to the same music. That was my starting point.<br>My experience has shown me that most dancers have never systematically learnt to hear a rhythm in the music, let alone feel it. They tend much more to simply count it.<\/p>\n<p>However, it is very important that the focus is first on hearing, recognizing and experiencing rhythmic characteristics, rather than just the step pattern and the counting method. In order to prevent a mere counting approach, the CD included with the books contains individual or several different characteristic rhythms recorded by professional musicians.<br>Through the CD`s, with its various isolated sounds and special characteristic instruments, makes the respective rhythm pattern simple and easy to understand.<br>The most important basic rhythms of the individual dances are presented by different and characteristic instruments. Each individual instrument has a different sound. Different sounds motivate different movements.<br>Consequently, each instrument and its sound stands for a certain body movement.<\/p>\n<p>An intuitive interpretation can only take place when a fundamental, expanded understanding of the music with its various rhythms has been understood and felt. \nMy method promotes skills to understand and develop the various facets of rhythm in music and body rhythm.<\/p>\n<p><strong>4. Can RHYTHMECALITY\u00ae be used in other sports?<\/strong><\/p>\n<p>Definitely yes! It is my long-term goal to introduce RHYTHMECALITY\u00ae, with all its possibilities and facets, into other sports.\nInitial experiments have already been carried out in skiing. There, for example, one of the samba rhythms was linked to the rhythm of skiing in deep snow.<\/p>\n<p>Golf is also a very exciting sport when it comes to coordinated rhythmic movements. Here, you need to be able to adapt your rhythm to the conditions at hand. Whether it\u2019s a tee shot, a bunker shot or a putt, every stroke has its own body rhythm. I am absolutely convinced that RHYTHMECALITY\u00ae can offer added value for many other sports as well.<\/p>\n<p><strong>5. What approach is used in the RHYTHMECALITY\u00ae method?<\/strong><\/p>\n<p>The heart of RHYTHMECALITY\u00ae is our Rhythmusttraffic light.\nWith our Rhythm Rampel, with the colors Green, Yellow and Red you are shown simple step-by-step pictures (Green level) via a voltage change (Gelblevel) through to coordination (Red level).<\/p>\n<p>RHYTHMECALITY\u00ae is a product for beginners through to top dancers. The recreational dancer experiences the rhythm of the individual dances with his partner. They can enjoy the music and their partner without stress. Top dancers are given a concept to help them control the speed of their choreography even better and take their presentation to a higher level.\nThrough RHYTHMECALITY\u00ae teaches the body to think and the mind to feel!<\/p>\n<p><strong>6 What was the biggest challenge in the RHYTH project?MECALITY\u00ae?<\/strong><\/p>\n<p>The biggest challenge from the outset was to create a system that could describe the music and the corresponding body movement. Although there are excellent textbooks in dance sport, these are only intended specifically for trainers and judges as a basis for their training. They describe all the technical skills in the individual dances. The reference to music and rhythm is not in the foreground.<\/p>\n<p>There is also fantastic music, but you need a lot of experience and an understanding of music as a prerequisite.\nSo I first had to do some pioneering work here to develop a method that does justice to both. And after a very labour-intensive development process spanning 24 years, I have succeeded brilliantly. The results, especially in the early stages in dance schools and in a dance sports club, have always triggered a real wave of enthusiasm. RHYTHMECALITY\u00ae is a fantastic introduction to feeling and experiencing dances with a dance partner. It's exactly what Salsa, Argentine Tango and the currently popular West Coast Swing are all about!<\/p>\n<p><strong>7. hen or egg?<\/strong><\/p>\n<div>I am convinced that the dancer is first dominated by the rhythm before the rhythm can be dominated by the dancer.<\/div>\n<div>I am very aware of the fact that both the dancer and the music have their own rhythm. From my point of view, however, it is the temporal coincidence\/synchronization of both components. I want the dancer to first visualize the rhythm in the music and then translate this given rhythm into the body.<br>This approach is the clear and legible basis for RHYTHMECALITY\u00ae to visualize and illustrate music and movement. Building on this basis, the dancer can use his\/her own rhythm, although in RHYTHMECALITY\u00ae method is not in the foreground.<\/div>\n<div>&nbsp;<\/div><p><strong>8. what does the ME at RHYTHMECALITY\u00ae?<\/strong><\/p>\n<p>RHYTHMECALITY\u00ae is a term of art designed by myself. The ME represents the center.<\/p>\n<p>I have no body.<br>I AM THE BODY!<\/p>\n<p>I create no rhythm.<br>I AM THE RHYTHM!<\/p>\n<p>I AM RHYTHMECALITY\u00ae!<\/p>\n<p>RHYTHMECALITY\u00ae is a method in which You than the ME gain more knowledge. This leads to You perform and experience the dance better.<\/p>\n<p>That is what RHYTH is and stands forMECALITY\u00ae!<\/p>\t\t\t\t\t\t\t\t\t\t\t\t<\/div>\r\n\t\t\t\t<\/div>\r\n\t\t\t\t\t\t\t<\/div>\r\n\t\t\t\t<a class=\"premium-button premium-btn-sm\" href=\"javascript:;\" aria-label=\"Learn more\">\r\n\t\t\t\t\t<span class=\"premium-unfold-button-text\"><\/span>\r\n\t\t\t\t<\/a>\r\n\t\t\t\t<\/div>\r\n\t\t\r\n\t\t\t\t\t\t\t\t<\/div>\n\t\t\t\t<\/div>\n\t\t\t\t\t<\/div>\n\t\t<\/div>\n\t\t\t\t\t<\/div>\n\t\t<\/section>\n\t\t\t\t<\/div>","protected":false},"excerpt":{"rendered":"<p>RHYTHMECALITY\u00ae Finde Deinen Rhythmus!Unsere Lernmethode f\u00fcr T\u00e4nzer, Tanztrainer und Tanzlehrer Holger Nitsche, mehrfacher Welt- und Europameister im Tanzsport, pr\u00e4sentiert seine einzigartige RHYTHMECALITY \u00ae -Methode: Statt sich z\u00e4hlend in der Theorie zu verlieren, sollen Tanzende wieder lernen, den Rhythmus im eigenen K\u00f6rper zu sp\u00fcren, in der Musik zu h\u00f6ren und in Bewegung umzusetzen. So k\u00f6nnen sie [&hellip;]<\/p>\n","protected":false},"author":2,"featured_media":0,"parent":0,"menu_order":0,"comment_status":"closed","ping_status":"closed","template":"","meta":{"footnotes":""},"class_list":["post-120","page","type-page","status-publish","hentry"],"yoast_head":"<!-- This site is optimized with the Yoast SEO plugin v27.5 - https:\/\/yoast.com\/product\/yoast-seo-wordpress\/ -->\n<title>RHYTHMECALITY\u00ae - RhythMEcality<\/title>\n<meta name=\"robots\" content=\"index, follow, max-snippet:-1, max-image-preview:large, max-video-preview:-1\" \/>\n<link rel=\"canonical\" href=\"https:\/\/www.rhythmecality.com\/en\/rhythmecality\/\" \/>\n<meta property=\"og:locale\" content=\"en_US\" \/>\n<meta property=\"og:type\" content=\"article\" \/>\n<meta property=\"og:title\" content=\"RHYTHMECALITY\u00ae - RhythMEcality\" \/>\n<meta property=\"og:description\" content=\"RHYTHMECALITY\u00ae Finde Deinen Rhythmus!Unsere Lernmethode f\u00fcr T\u00e4nzer, Tanztrainer und Tanzlehrer Holger Nitsche, mehrfacher Welt- und Europameister im Tanzsport, pr\u00e4sentiert seine einzigartige RHYTHMECALITY \u00ae -Methode: Statt sich z\u00e4hlend in der Theorie zu verlieren, sollen Tanzende wieder lernen, den Rhythmus im eigenen K\u00f6rper zu sp\u00fcren, in der Musik zu h\u00f6ren und in Bewegung umzusetzen. So k\u00f6nnen sie [&hellip;]\" \/>\n<meta property=\"og:url\" content=\"https:\/\/www.rhythmecality.com\/en\/rhythmecality\/\" \/>\n<meta property=\"og:site_name\" content=\"RhythMEcality\" \/>\n<meta property=\"article:modified_time\" content=\"2026-05-08T20:28:56+00:00\" \/>\n<meta name=\"twitter:card\" content=\"summary_large_image\" \/>\n<meta name=\"twitter:label1\" content=\"Est. reading time\" \/>\n\t<meta name=\"twitter:data1\" content=\"8 minutes\" \/>\n<script type=\"application\/ld+json\" class=\"yoast-schema-graph\">{\"@context\":\"https:\\\/\\\/schema.org\",\"@graph\":[{\"@type\":\"WebPage\",\"@id\":\"https:\\\/\\\/www.rhythmecality.com\\\/rhythmecality\\\/\",\"url\":\"https:\\\/\\\/www.rhythmecality.com\\\/rhythmecality\\\/\",\"name\":\"RHYTHMECALITY\u00ae - RhythMEcality\",\"isPartOf\":{\"@id\":\"https:\\\/\\\/www.rhythmecality.com\\\/#website\"},\"datePublished\":\"2024-07-16T00:33:50+00:00\",\"dateModified\":\"2026-05-08T20:28:56+00:00\",\"breadcrumb\":{\"@id\":\"https:\\\/\\\/www.rhythmecality.com\\\/rhythmecality\\\/#breadcrumb\"},\"inLanguage\":\"en-US\",\"potentialAction\":[{\"@type\":\"ReadAction\",\"target\":[\"https:\\\/\\\/www.rhythmecality.com\\\/rhythmecality\\\/\"]}]},{\"@type\":\"BreadcrumbList\",\"@id\":\"https:\\\/\\\/www.rhythmecality.com\\\/rhythmecality\\\/#breadcrumb\",\"itemListElement\":[{\"@type\":\"ListItem\",\"position\":1,\"name\":\"Startseite\",\"item\":\"https:\\\/\\\/www.rhythmecality.com\\\/\"},{\"@type\":\"ListItem\",\"position\":2,\"name\":\"RHYTHMECALITY\u00ae\"}]},{\"@type\":\"WebSite\",\"@id\":\"https:\\\/\\\/www.rhythmecality.com\\\/#website\",\"url\":\"https:\\\/\\\/www.rhythmecality.com\\\/\",\"name\":\"RhythMEcality\",\"description\":\"\",\"publisher\":{\"@id\":\"https:\\\/\\\/www.rhythmecality.com\\\/#organization\"},\"potentialAction\":[{\"@type\":\"SearchAction\",\"target\":{\"@type\":\"EntryPoint\",\"urlTemplate\":\"https:\\\/\\\/www.rhythmecality.com\\\/?s={search_term_string}\"},\"query-input\":{\"@type\":\"PropertyValueSpecification\",\"valueRequired\":true,\"valueName\":\"search_term_string\"}}],\"inLanguage\":\"en-US\"},{\"@type\":\"Organization\",\"@id\":\"https:\\\/\\\/www.rhythmecality.com\\\/#organization\",\"name\":\"RhythMEcality\",\"url\":\"https:\\\/\\\/www.rhythmecality.com\\\/\",\"logo\":{\"@type\":\"ImageObject\",\"inLanguage\":\"en-US\",\"@id\":\"https:\\\/\\\/www.rhythmecality.com\\\/#\\\/schema\\\/logo\\\/image\\\/\",\"url\":\"https:\\\/\\\/www.rhythmecality.com\\\/wp-content\\\/uploads\\\/2024\\\/07\\\/Logo-nnsquare.jpg\",\"contentUrl\":\"https:\\\/\\\/www.rhythmecality.com\\\/wp-content\\\/uploads\\\/2024\\\/07\\\/Logo-nnsquare.jpg\",\"width\":1920,\"height\":720,\"caption\":\"RhythMEcality\"},\"image\":{\"@id\":\"https:\\\/\\\/www.rhythmecality.com\\\/#\\\/schema\\\/logo\\\/image\\\/\"}}]}<\/script>\n<!-- \/ Yoast SEO plugin. -->","yoast_head_json":{"title":"RHYTHMECALITY\u00ae - RhythMEcality","robots":{"index":"index","follow":"follow","max-snippet":"max-snippet:-1","max-image-preview":"max-image-preview:large","max-video-preview":"max-video-preview:-1"},"canonical":"https:\/\/www.rhythmecality.com\/en\/rhythmecality\/","og_locale":"en_US","og_type":"article","og_title":"RHYTHMECALITY\u00ae - RhythMEcality","og_description":"RHYTHMECALITY\u00ae Finde Deinen Rhythmus!Unsere Lernmethode f\u00fcr T\u00e4nzer, Tanztrainer und Tanzlehrer Holger Nitsche, mehrfacher Welt- und Europameister im Tanzsport, pr\u00e4sentiert seine einzigartige RHYTHMECALITY \u00ae -Methode: Statt sich z\u00e4hlend in der Theorie zu verlieren, sollen Tanzende wieder lernen, den Rhythmus im eigenen K\u00f6rper zu sp\u00fcren, in der Musik zu h\u00f6ren und in Bewegung umzusetzen. So k\u00f6nnen sie [&hellip;]","og_url":"https:\/\/www.rhythmecality.com\/en\/rhythmecality\/","og_site_name":"RhythMEcality","article_modified_time":"2026-05-08T20:28:56+00:00","twitter_card":"summary_large_image","twitter_misc":{"Est. reading time":"8 minutes"},"schema":{"@context":"https:\/\/schema.org","@graph":[{"@type":"WebPage","@id":"https:\/\/www.rhythmecality.com\/rhythmecality\/","url":"https:\/\/www.rhythmecality.com\/rhythmecality\/","name":"RHYTHMECALITY\u00ae - RhythMEcality","isPartOf":{"@id":"https:\/\/www.rhythmecality.com\/#website"},"datePublished":"2024-07-16T00:33:50+00:00","dateModified":"2026-05-08T20:28:56+00:00","breadcrumb":{"@id":"https:\/\/www.rhythmecality.com\/rhythmecality\/#breadcrumb"},"inLanguage":"en-US","potentialAction":[{"@type":"ReadAction","target":["https:\/\/www.rhythmecality.com\/rhythmecality\/"]}]},{"@type":"BreadcrumbList","@id":"https:\/\/www.rhythmecality.com\/rhythmecality\/#breadcrumb","itemListElement":[{"@type":"ListItem","position":1,"name":"Startseite","item":"https:\/\/www.rhythmecality.com\/"},{"@type":"ListItem","position":2,"name":"RHYTHMECALITY\u00ae"}]},{"@type":"WebSite","@id":"https:\/\/www.rhythmecality.com\/#website","url":"https:\/\/www.rhythmecality.com\/","name":"RhythMEcality","description":"","publisher":{"@id":"https:\/\/www.rhythmecality.com\/#organization"},"potentialAction":[{"@type":"SearchAction","target":{"@type":"EntryPoint","urlTemplate":"https:\/\/www.rhythmecality.com\/?s={search_term_string}"},"query-input":{"@type":"PropertyValueSpecification","valueRequired":true,"valueName":"search_term_string"}}],"inLanguage":"en-US"},{"@type":"Organization","@id":"https:\/\/www.rhythmecality.com\/#organization","name":"RhythMEcality","url":"https:\/\/www.rhythmecality.com\/","logo":{"@type":"ImageObject","inLanguage":"en-US","@id":"https:\/\/www.rhythmecality.com\/#\/schema\/logo\/image\/","url":"https:\/\/www.rhythmecality.com\/wp-content\/uploads\/2024\/07\/Logo-nnsquare.jpg","contentUrl":"https:\/\/www.rhythmecality.com\/wp-content\/uploads\/2024\/07\/Logo-nnsquare.jpg","width":1920,"height":720,"caption":"RhythMEcality"},"image":{"@id":"https:\/\/www.rhythmecality.com\/#\/schema\/logo\/image\/"}}]}},"_links":{"self":[{"href":"https:\/\/www.rhythmecality.com\/en\/wp-json\/wp\/v2\/pages\/120","targetHints":{"allow":["GET"]}}],"collection":[{"href":"https:\/\/www.rhythmecality.com\/en\/wp-json\/wp\/v2\/pages"}],"about":[{"href":"https:\/\/www.rhythmecality.com\/en\/wp-json\/wp\/v2\/types\/page"}],"author":[{"embeddable":true,"href":"https:\/\/www.rhythmecality.com\/en\/wp-json\/wp\/v2\/users\/2"}],"replies":[{"embeddable":true,"href":"https:\/\/www.rhythmecality.com\/en\/wp-json\/wp\/v2\/comments?post=120"}],"version-history":[{"count":21,"href":"https:\/\/www.rhythmecality.com\/en\/wp-json\/wp\/v2\/pages\/120\/revisions"}],"predecessor-version":[{"id":1042,"href":"https:\/\/www.rhythmecality.com\/en\/wp-json\/wp\/v2\/pages\/120\/revisions\/1042"}],"wp:attachment":[{"href":"https:\/\/www.rhythmecality.com\/en\/wp-json\/wp\/v2\/media?parent=120"}],"curies":[{"name":"wp","href":"https:\/\/api.w.org\/{rel}","templated":true}]}}